{"id":380,"date":"2017-03-24T07:32:56","date_gmt":"2017-03-24T07:32:56","guid":{"rendered":"http:\/\/fast.hevs.ch:3001\/?page_id=380"},"modified":"2026-03-10T12:36:56","modified_gmt":"2026-03-10T12:36:56","slug":"cleancity","status":"publish","type":"page","link":"https:\/\/medgift.hevs.ch\/wordpress\/projects\/past-projects\/cleancity\/","title":{"rendered":"CleanCity"},"content":{"rendered":"<h2>Clean City<\/h2>\n<p><strong>Urban densification<\/strong> is the source of many issues linked to traffic, pollution and noise. Currently, there is no tool available to study the impact of various real estate development projects on urban climate. Clean City aims to provide urban planners with a <strong>decision support tool<\/strong> in the field of air quality and, more specifically, the dispersion of pollutants.<\/p>\n<p>The main <strong>objectives<\/strong> of this project are :<\/p>\n<ul>\n<li>Modelling the district of &#8220;Les P\u00e2quis&#8221; using CAD (Computer-aided design) for CFD (Computational Fluid Dynamcis) as well as creating a 3D model of this neighborhood.<\/li>\n<li>Creating an IT system based on open-source CFD software.<\/li>\n<li>Simulating different scenarios and comparing the results with experimental tests conducted in a wind tunnel.<\/li>\n<li>Designing a methodology to provide solutions for external urban planning project requests.<\/li>\n<\/ul>\n<p><img loading=\"lazy\" decoding=\"async\" class=\"left aligncenter\" title=\"\" src=\"https:\/\/medgift.hevs.ch\/wordpress\/wp-content\/uploads\/2017\/03\/cleancity.png\" alt=\"\" width=\"500\" height=\"300\" \/><\/p>\n<p><span class=\"center\">Illustration by Anne-Christine Dallemagne \/ La fabrique<br \/>\n<\/span><\/p>\n<h2>Members<\/h2>\n<p><a href=\"https:\/\/medgift.hevs.ch\/wordpress\/team\/henning-mueller\/\">Henning M\u00fcller<\/a><\/p>\n<p><a href=\"https:\/\/medgift.hevs.ch\/wordpress\/team\/roger-schaer\/\">Roger Schaer<\/a><\/p>\n<h2>Collaborations<\/h2>\n<p><strong>hepia (Haute \u00e9cole du paysage, d&#8217;ing\u00e9nierie et d&#8217;architecture de Gen\u00e8ve)<\/strong><\/p>\n<ul>\n<li>Gilles Triscone<\/li>\n<li>Patrick Haas<\/li>\n<li>Roberto Putzu<\/li>\n<li>Flavio Noca<\/li>\n<li>Olivier Donz\u00e9<\/li>\n<li>Nabil Abdennadher<\/li>\n<li>Jacques Richard<\/li>\n<li>Albert Bessat<\/li>\n<li>Markopekka Niinimaeki<\/li>\n<\/ul>\n<p><strong>EIA-FR (College of Engineering and Architecture of Fribourg)<\/strong><\/p>\n<ul>\n<li>Elena-Lavinia Niederh\u00e4user<\/li>\n<\/ul>\n<p><strong>HEIG-VD (Haute \u00c9cole d&#8217;Ing\u00e9nierie et de Gestion du Canton de Vaud)<\/strong><\/p>\n<ul>\n<li>Fran\u00e7ois Gervaix<\/li>\n<\/ul>\n<p><strong>SPAir (Service de la protection de l&#8217;air, Syst\u00e8me d&#8217;information du Territoire Genevois)<\/strong><\/p>\n<ul>\n<li>Pierre Kunz<\/li>\n<\/ul>\n","protected":false},"excerpt":{"rendered":"<p>Clean City Urban densification is the source of many issues linked to traffic, pollution and noise. Currently, there is no tool available to study the impact of various real estate development projects on urban climate. Clean City aims to provide urban planners with a decision support tool in the field of air quality and, more &hellip; <\/p>\n<p class=\"link-more\"><a href=\"https:\/\/medgift.hevs.ch\/wordpress\/projects\/past-projects\/cleancity\/\" class=\"more-link\">Continue reading<span class=\"screen-reader-text\"> &#8220;CleanCity&#8221;<\/span><\/a><\/p>\n","protected":false},"author":1,"featured_media":0,"parent":349,"menu_order":1,"comment_status":"closed","ping_status":"closed","template":"","meta":{"footnotes":""},"class_list":["post-380","page","type-page","status-publish","hentry"],"jetpack_shortlink":"https:\/\/wp.me\/P8AP2d-68","jetpack_sharing_enabled":true,"_links":{"self":[{"href":"https:\/\/medgift.hevs.ch\/wordpress\/wp-json\/wp\/v2\/pages\/380","targetHints":{"allow":["GET"]}}],"collection":[{"href":"https:\/\/medgift.hevs.ch\/wordpress\/wp-json\/wp\/v2\/pages"}],"about":[{"href":"https:\/\/medgift.hevs.ch\/wordpress\/wp-json\/wp\/v2\/types\/page"}],"author":[{"embeddable":true,"href":"https:\/\/medgift.hevs.ch\/wordpress\/wp-json\/wp\/v2\/users\/1"}],"replies":[{"embeddable":true,"href":"https:\/\/medgift.hevs.ch\/wordpress\/wp-json\/wp\/v2\/comments?post=380"}],"version-history":[{"count":5,"href":"https:\/\/medgift.hevs.ch\/wordpress\/wp-json\/wp\/v2\/pages\/380\/revisions"}],"predecessor-version":[{"id":768,"href":"https:\/\/medgift.hevs.ch\/wordpress\/wp-json\/wp\/v2\/pages\/380\/revisions\/768"}],"up":[{"embeddable":true,"href":"https:\/\/medgift.hevs.ch\/wordpress\/wp-json\/wp\/v2\/pages\/349"}],"wp:attachment":[{"href":"https:\/\/medgift.hevs.ch\/wordpress\/wp-json\/wp\/v2\/media?parent=380"}],"curies":[{"name":"wp","href":"https:\/\/api.w.org\/{rel}","templated":true}]}}