{"id":904,"date":"2017-11-23T12:19:10","date_gmt":"2017-11-23T12:19:10","guid":{"rendered":"http:\/\/medgift.hevs.ch\/wordpress\/?page_id=904"},"modified":"2026-03-10T12:39:02","modified_gmt":"2026-03-10T12:39:02","slug":"process","status":"publish","type":"page","link":"https:\/\/medgift.hevs.ch\/wordpress\/projects\/past-projects\/process\/","title":{"rendered":"PROCESS"},"content":{"rendered":"<h2>PROCESS: PROviding Computing solutions for ExaScale challengeS<\/h2>\n<h2><img loading=\"lazy\" decoding=\"async\" class=\"alignnone size-full wp-image-926\" src=\"https:\/\/medgift.hevs.ch\/wordpress\/wp-content\/uploads\/2017\/11\/prjlogo.png\" alt=\"\" width=\"699\" height=\"186\" srcset=\"https:\/\/medgift.hevs.ch\/wordpress\/wp-content\/uploads\/2017\/11\/prjlogo.png 699w, https:\/\/medgift.hevs.ch\/wordpress\/wp-content\/uploads\/2017\/11\/prjlogo-300x80.png 300w\" sizes=\"auto, (max-width: 699px) 100vw, 699px\" \/><\/h2>\n<p><img loading=\"lazy\" decoding=\"async\" class=\"wp-image-906 size-full\" style=\"font-weight: bold; color: #666666; font-size: 0.8125rem; font-style: italic;\" src=\"https:\/\/medgift.hevs.ch\/wordpress\/wp-content\/uploads\/2017\/11\/path.png\" alt=\"Whole image histology slide\" width=\"742\" height=\"441\" srcset=\"https:\/\/medgift.hevs.ch\/wordpress\/wp-content\/uploads\/2017\/11\/path.png 742w, https:\/\/medgift.hevs.ch\/wordpress\/wp-content\/uploads\/2017\/11\/path-300x178.png 300w\" sizes=\"auto, (max-width: 706px) 89vw, (max-width: 767px) 82vw, 740px\" \/><span style=\"color: #666666; font-size: 0.8125rem; font-style: italic;\">Whole image histology slide with a resolution of approximatively 100K x 100K pixels with 40 different levels of detail. The analysis of one image by a Convolutional Neural Network requires the extraction of overlapping patches, hence may result in highly expensive computations.<\/span><\/p>\n<figure id=\"attachment_905\" aria-describedby=\"caption-attachment-905\" style=\"width: 200px\" class=\"wp-caption aligncenter\"><img loading=\"lazy\" decoding=\"async\" class=\"wp-image-905 size-medium\" src=\"https:\/\/medgift.hevs.ch\/wordpress\/wp-content\/uploads\/2017\/11\/a-smooth-sea-never-made-a-skilled-sailor.-200x300.png\" alt=\"Leibniz-Rechenzentrum in Garching\/Munich\" width=\"200\" height=\"300\" srcset=\"https:\/\/medgift.hevs.ch\/wordpress\/wp-content\/uploads\/2017\/11\/a-smooth-sea-never-made-a-skilled-sailor.-200x300.png 200w, https:\/\/medgift.hevs.ch\/wordpress\/wp-content\/uploads\/2017\/11\/a-smooth-sea-never-made-a-skilled-sailor..png 540w\" sizes=\"auto, (max-width: 200px) 100vw, 200px\" \/><figcaption id=\"caption-attachment-905\" class=\"wp-caption-text\">LRZ in Garching<\/figcaption><\/figure>\n<p><a href=\"https:\/\/cordis.europa.eu\/project\/rcn\/216615\/factsheet\/en\"><span style=\"color: #0000ff;\">https:\/\/cordis.europa.eu\/project\/rcn\/216615\/factsheet\/en<\/span><\/a><\/p>\n<p>The Leinbniz Supercomputing Centre of the Bavarian Academy of Sciences and Humanities (Liebniz-Rechenzentrum, LRZ) will host the PROCESS infrastructure for exascale computing.<\/p>\n<p><span style=\"font-size: 1rem;\">The SuperMUC is one of the most energy efficient supercomputers in the world, with more than 3 Petaflops peak performance, more than 155 thousand cpu cores and a 5 sided cave for Augmented Virtual Reality simulations.\u00a0<\/span><\/p>\n<h2><a href=\"http:\/\/publications.hevs.ch\/index.php\/topics\/single\/210\">Publications<\/a><\/h2>\n<h2>Project members<\/h2>\n<ul>\n<li><a href=\"http:\/\/www.uva.nl\/\">University of Amsterdam: Home<\/a><\/li>\n<li><a style=\"font-size: 1.125rem;\" href=\"https:\/\/www.esciencecenter.nl\/\" data-href=\"https:\/\/www.esciencecenter.nl\/\">Netherlands eScience Center<\/a><\/li>\n<li><a href=\"https:\/\/www.hevs.ch\/fr\/\">Haute \u00c9cole sp\u00e9cialis\u00e9e de Suisse occidentale Valais<\/a><\/li>\n<li><a href=\"https:\/\/www.lhsystems.com\/\">Lufthansa Systems, LSY<\/a><\/li>\n<li><a href=\"http:\/\/www.grupoinmark.com\/\">INMARK Europa<\/a><\/li>\n<li>\u00dastav informatiky SAVs<\/li>\n<li><a href=\"http:\/\/www.cyfronet.krakow.pl\/en\/13080,artykul,about_us.html\">ACK Cyfronet AGH<\/a><\/li>\n<\/ul>\n<h2>Team members<\/h2>\n<ul>\n<li><a href=\"https:\/\/medgift.hevs.ch\/wordpress\/team\/henning-mueller\/\">Henning M\u00fcller<\/a><\/li>\n<li><a href=\"http:\/\/www.hevs.ch\/fr\/rad-instituts\/institut-informatique-de-gestion\/collaborateurs\/adjointe-scientifique\/eggel-1620\">Ivan Eggel<\/a><\/li>\n<li><a href=\"https:\/\/medgift.hevs.ch\/wordpress\/team\/mara-graziani\">Mara Graziani<\/a><\/li>\n<\/ul>\n<h2>Acknowledgements<\/h2>\n<p><img loading=\"lazy\" decoding=\"async\" class=\"alignleft wp-image-410\" src=\"https:\/\/medgift.hevs.ch\/wordpress\/wp-content\/uploads\/2017\/03\/resizedimage180120-EU-150x120.jpg\" alt=\"\" width=\"50\" height=\"33\" \/>\u00a0The project has received funding from the European Union&#8217;s Horizon 2020 research and innovation program.<\/p>\n","protected":false},"excerpt":{"rendered":"<p>PROCESS: PROviding Computing solutions for ExaScale challengeS Whole image histology slide with a resolution of approximatively 100K x 100K pixels with 40 different levels of detail. The analysis of one image by a Convolutional Neural Network requires the extraction of overlapping patches, hence may result in highly expensive computations. https:\/\/cordis.europa.eu\/project\/rcn\/216615\/factsheet\/en The Leinbniz Supercomputing Centre of &hellip; <\/p>\n<p class=\"link-more\"><a href=\"https:\/\/medgift.hevs.ch\/wordpress\/projects\/past-projects\/process\/\" class=\"more-link\">Continue reading<span class=\"screen-reader-text\"> &#8220;PROCESS&#8221;<\/span><\/a><\/p>\n","protected":false},"author":1,"featured_media":0,"parent":349,"menu_order":5,"comment_status":"closed","ping_status":"closed","template":"","meta":{"footnotes":""},"class_list":["post-904","page","type-page","status-publish","hentry"],"jetpack_shortlink":"https:\/\/wp.me\/P8AP2d-eA","jetpack_sharing_enabled":true,"_links":{"self":[{"href":"https:\/\/medgift.hevs.ch\/wordpress\/wp-json\/wp\/v2\/pages\/904","targetHints":{"allow":["GET"]}}],"collection":[{"href":"https:\/\/medgift.hevs.ch\/wordpress\/wp-json\/wp\/v2\/pages"}],"about":[{"href":"https:\/\/medgift.hevs.ch\/wordpress\/wp-json\/wp\/v2\/types\/page"}],"author":[{"embeddable":true,"href":"https:\/\/medgift.hevs.ch\/wordpress\/wp-json\/wp\/v2\/users\/1"}],"replies":[{"embeddable":true,"href":"https:\/\/medgift.hevs.ch\/wordpress\/wp-json\/wp\/v2\/comments?post=904"}],"version-history":[{"count":47,"href":"https:\/\/medgift.hevs.ch\/wordpress\/wp-json\/wp\/v2\/pages\/904\/revisions"}],"predecessor-version":[{"id":1546,"href":"https:\/\/medgift.hevs.ch\/wordpress\/wp-json\/wp\/v2\/pages\/904\/revisions\/1546"}],"up":[{"embeddable":true,"href":"https:\/\/medgift.hevs.ch\/wordpress\/wp-json\/wp\/v2\/pages\/349"}],"wp:attachment":[{"href":"https:\/\/medgift.hevs.ch\/wordpress\/wp-json\/wp\/v2\/media?parent=904"}],"curies":[{"name":"wp","href":"https:\/\/api.w.org\/{rel}","templated":true}]}}